{"id":6036,"date":"2024-09-21T00:01:29","date_gmt":"2024-09-21T00:01:29","guid":{"rendered":"https:\/\/dfsolucionescr.com\/?page_id=6036"},"modified":"2024-09-21T00:01:30","modified_gmt":"2024-09-21T00:01:30","slug":"credit-calculator","status":"publish","type":"page","link":"https:\/\/dfsolucionescr.com\/en\/calculadora-de-credito\/","title":{"rendered":"Credit calculator"},"content":{"rendered":"<!DOCTYPE html>\n<html lang=\"es\">\n<head>\n    <meta charset=\"UTF-8\" \/>\n    <meta name=\"viewport\" content=\"width=device-width, initial-scale=1.0\" \/>\n    <title>Credit calculator<\/title>\n    <link rel=\"stylesheet\" href=\"https:\/\/cdn.jsdelivr.net\/npm\/sweetalert2@11\/dist\/sweetalert2.min.css\" \/>\n    <style>\n        * {\n            margin: 0;\n            padding: 0;\n            box-sizing: border-box;\n        }\n        body {\n            font-family: Arial, sans-serif;\n            background-color: #f4f4f4;\n            display: flex;\n            justify-content: center;\n            align-items: center;\n            min-height: 100vh;\n            padding: 20px;\n        }\n        .container {\n            background: white;\n            border-radius: 8px;\n            box-shadow: 0 2px 10px rgba(0, 0, 0, 0.1);\n            padding: 20px;\n            width: 100%;\n            max-width: 600px;\n        }\n        form {\n            display: flex;\n            flex-direction: column;\n        }\n        label {\n            margin: 10px 0 5px;\n        }\n        input, select, button {\n            padding: 10px;\n            margin-bottom: 15px;\n            border: 1px solid #ccc;\n            border-radius: 4px;\n            font-size: 16px;\n        }\n        button {\n            background-color: #28a745;\n            color: white;\n            border: none;\n            cursor: pointer;\n        }\n        button:hover {\n            background-color: #218838;\n        }\n        .disclaimer {\n            margin-top: 20px;\n            font-size: 14px;\n            color: #555;\n        }\n        @media (max-width: 600px) {\n            body {\n                padding: 10px;\n            }\n            .container {\n                padding: 15px;\n            }\n            input, select, button {\n                font-size: 14px;\n            }\n        }\n    <\/style>\n<\/head>\n<body>\n    <div class=\"container\">\n        <form id=\"creditCalculator\" action=\"\">\n            <label for=\"currency\">Currency<\/label>\n            <select id=\"currency\" name=\"currency\">\n                <option value=\"CRC\">Colones (\u20a1)<\/option>\n                <option value=\"USD\">Dollars ($)<\/option>\n            <\/select>\n\n            <label for=\"totalAmount\">Total credit<\/label>\n            <input type=\"number\" id=\"totalAmount\" name=\"totalAmount\" required \/>\n\n            <label for=\"initialPayment\">Monthly fee<\/label>\n            <input type=\"number\" id=\"initialPayment\" name=\"initialPayment\" required \/>\n\n            <label for=\"interestRate\">Interest rate (%)<\/label>\n            <input type=\"number\" id=\"interestRate\" name=\"interestRate\" min=\"0\" max=\"100\" step=\"0.1\" required \/>\n\n            <label for=\"amortizationPeriod\">Credit term (Min 10 years \u2013 Max 30 years)<\/label>\n            <select id=\"amortizationPeriod\" name=\"amortizationPeriod\" required>\n                <option value=\"10\">10 years<\/option>\n                <option value=\"11\">11 years old<\/option>\n                <option value=\"12\">12 years old<\/option>\n                <option value=\"13\">13 years old<\/option>\n                <option value=\"14\">14 years old<\/option>\n                <option value=\"15\">15 years<\/option>\n                <option value=\"16\">16 years old<\/option>\n                <option value=\"17\">17 years old<\/option>\n                <option value=\"18\">18 years old<\/option>\n                <option value=\"19\">19 years old<\/option>\n                <option value=\"20\">20 years<\/option>\n                <option value=\"21\">21 years old<\/option>\n                <option value=\"22\">22 years old<\/option>\n                <option value=\"23\">23 years old<\/option>\n                <option value=\"24\">24 years old<\/option>\n                <option value=\"25\">25 years<\/option>\n                <option value=\"26\">26 years old<\/option>\n                <option value=\"27\">27 years old<\/option>\n                <option value=\"28\">28 years old<\/option>\n                <option value=\"29\">29 years old<\/option>\n                <option value=\"30\">30 years<\/option>\n            <\/select>\n\n            <button type=\"submit\">Calculate<\/button>\n        <input type=\"hidden\" name=\"trp-form-language\" value=\"en\"\/><\/form>\n\n        <div class=\"disclaimer\">\n            <p>The fee does not take into account the amount of the policies.<\/p>\n            <p>Formalization costs may vary depending on the respective financial institution.<\/p>\n            <p>\n                <strong>Important:<\/strong> DF Soluciones Inmobiliarias appreciates your preference and informs you that this service is only as a reference to help you in your decision; however, you should consider that the conditions may vary since the final price is determined by other conditions such as guarantee, interest rate, commissions, insurance and characteristics specific to each client.\n            <\/p>\n        <\/div>\n    <\/div>\n\n    <script src=\"https:\/\/cdn.jsdelivr.net\/npm\/chart.js\"><\/script>\n    <script src=\"https:\/\/cdn.jsdelivr.net\/npm\/sweetalert2@11\"><\/script>\n    <script src=\"script.js\"><\/script>\n<\/body>\n<\/html>","protected":false},"excerpt":{"rendered":"<p>Calculadora de cr\u00e9dito Moneda Colones (\u20a1)D\u00f3lares ($) Total de cr\u00e9dito Cuota mensual Tasa de inter\u00e9s (%) Plazo de cr\u00e9dito (Min [&hellip;]<\/p>\n","protected":false},"author":34,"featured_media":0,"parent":0,"menu_order":0,"comment_status":"closed","ping_status":"closed","template":"elementor_canvas","meta":{"content-type":"","site-sidebar-layout":"default","site-content-layout":"","ast-site-content-layout":"default","site-content-style":"default","site-sidebar-style":"default","ast-global-header-display":"","ast-banner-title-visibility":"","ast-main-header-display":"","ast-hfb-above-header-display":"","ast-hfb-below-header-display":"","ast-hfb-mobile-header-display":"","site-post-title":"","ast-breadcrumbs-content":"","ast-featured-img":"","footer-sml-layout":"","ast-disable-related-posts":"","theme-transparent-header-meta":"","adv-header-id-meta":"","stick-header-meta":"","header-above-stick-meta":"","header-main-stick-meta":"","header-below-stick-meta":"","astra-migrate-meta-layouts":"default","ast-page-background-enabled":"default","ast-page-background-meta":{"desktop":{"background-color":"var(--ast-global-color-4)","background-image":"","background-repeat":"repeat","background-position":"center center","background-size":"auto","background-attachment":"scroll","background-type":"","background-media":"","overlay-type":"","overlay-color":"","overlay-opacity":"","overlay-gradient":""},"tablet":{"background-color":"","background-image":"","background-repeat":"repeat","background-position":"center center","background-size":"auto","background-attachment":"scroll","background-type":"","background-media":"","overlay-type":"","overlay-color":"","overlay-opacity":"","overlay-gradient":""},"mobile":{"background-color":"","background-image":"","background-repeat":"repeat","background-position":"center center","background-size":"auto","background-attachment":"scroll","background-type":"","background-media":"","overlay-type":"","overlay-color":"","overlay-opacity":"","overlay-gradient":""}},"ast-content-background-meta":{"desktop":{"background-color":"var(--ast-global-color-5)","background-image":"","background-repeat":"repeat","background-position":"center center","background-size":"auto","background-attachment":"scroll","background-type":"","background-media":"","overlay-type":"","overlay-color":"","overlay-opacity":"","overlay-gradient":""},"tablet":{"background-color":"var(--ast-global-color-5)","background-image":"","background-repeat":"repeat","background-position":"center center","background-size":"auto","background-attachment":"scroll","background-type":"","background-media":"","overlay-type":"","overlay-color":"","overlay-opacity":"","overlay-gradient":""},"mobile":{"background-color":"var(--ast-global-color-5)","background-image":"","background-repeat":"repeat","background-position":"center center","background-size":"auto","background-attachment":"scroll","background-type":"","background-media":"","overlay-type":"","overlay-color":"","overlay-opacity":"","overlay-gradient":""}},"footnotes":""},"class_list":["post-6036","page","type-page","status-publish","hentry"],"yoast_head":"<!-- This site is optimized with the Yoast SEO plugin v27.3 - https:\/\/yoast.com\/product\/yoast-seo-wordpress\/ -->\n<title>Calculadora de cr\u00e9dito - DF Soluciones<\/title>\n<meta name=\"robots\" content=\"index, follow, max-snippet:-1, max-image-preview:large, max-video-preview:-1\" \/>\n<link rel=\"canonical\" href=\"https:\/\/dfsolucionescr.com\/en\/credit-calculator\/\" \/>\n<meta property=\"og:locale\" content=\"en_US\" \/>\n<meta property=\"og:type\" content=\"article\" \/>\n<meta property=\"og:title\" content=\"Calculadora de cr\u00e9dito - DF Soluciones\" \/>\n<meta property=\"og:description\" content=\"Calculadora de cr\u00e9dito Moneda Colones (\u20a1)D\u00f3lares ($) Total de cr\u00e9dito Cuota mensual Tasa de inter\u00e9s (%) Plazo de cr\u00e9dito (Min [&hellip;]\" \/>\n<meta property=\"og:url\" content=\"https:\/\/dfsolucionescr.com\/en\/credit-calculator\/\" \/>\n<meta property=\"og:site_name\" content=\"DF Soluciones\" \/>\n<meta property=\"article:modified_time\" content=\"2024-09-21T00:01:30+00:00\" \/>\n<meta name=\"twitter:card\" content=\"summary_large_image\" \/>\n<meta name=\"twitter:label1\" content=\"Est. reading time\" \/>\n\t<meta name=\"twitter:data1\" content=\"1 minute\" \/>\n<script type=\"application\/ld+json\" class=\"yoast-schema-graph\">{\"@context\":\"https:\\\/\\\/schema.org\",\"@graph\":[{\"@type\":\"WebPage\",\"@id\":\"https:\\\/\\\/dfsolucionescr.com\\\/calculadora-de-credito\\\/\",\"url\":\"https:\\\/\\\/dfsolucionescr.com\\\/calculadora-de-credito\\\/\",\"name\":\"Calculadora de cr\u00e9dito - DF Soluciones\",\"isPartOf\":{\"@id\":\"https:\\\/\\\/dfsolucionescr.com\\\/#website\"},\"datePublished\":\"2024-09-21T00:01:29+00:00\",\"dateModified\":\"2024-09-21T00:01:30+00:00\",\"breadcrumb\":{\"@id\":\"https:\\\/\\\/dfsolucionescr.com\\\/calculadora-de-credito\\\/#breadcrumb\"},\"inLanguage\":\"en-US\",\"potentialAction\":[{\"@type\":\"ReadAction\",\"target\":[\"https:\\\/\\\/dfsolucionescr.com\\\/calculadora-de-credito\\\/\"]}]},{\"@type\":\"BreadcrumbList\",\"@id\":\"https:\\\/\\\/dfsolucionescr.com\\\/calculadora-de-credito\\\/#breadcrumb\",\"itemListElement\":[{\"@type\":\"ListItem\",\"position\":1,\"name\":\"Portada\",\"item\":\"https:\\\/\\\/dfsolucionescr.com\\\/\"},{\"@type\":\"ListItem\",\"position\":2,\"name\":\"Calculadora de cr\u00e9dito\"}]},{\"@type\":\"WebSite\",\"@id\":\"https:\\\/\\\/dfsolucionescr.com\\\/#website\",\"url\":\"https:\\\/\\\/dfsolucionescr.com\\\/\",\"name\":\"DF Soluciones\",\"description\":\"Soluciones Inmobiliarias\",\"potentialAction\":[{\"@type\":\"SearchAction\",\"target\":{\"@type\":\"EntryPoint\",\"urlTemplate\":\"https:\\\/\\\/dfsolucionescr.com\\\/?s={search_term_string}\"},\"query-input\":{\"@type\":\"PropertyValueSpecification\",\"valueRequired\":true,\"valueName\":\"search_term_string\"}}],\"inLanguage\":\"en-US\"}]}<\/script>\n<!-- \/ Yoast SEO plugin. -->","yoast_head_json":{"title":"Credit calculator - DF Solutions","robots":{"index":"index","follow":"follow","max-snippet":"max-snippet:-1","max-image-preview":"max-image-preview:large","max-video-preview":"max-video-preview:-1"},"canonical":"https:\/\/dfsolucionescr.com\/en\/credit-calculator\/","og_locale":"en_US","og_type":"article","og_title":"Calculadora de cr\u00e9dito - DF Soluciones","og_description":"Calculadora de cr\u00e9dito Moneda Colones (\u20a1)D\u00f3lares ($) Total de cr\u00e9dito Cuota mensual Tasa de inter\u00e9s (%) Plazo de cr\u00e9dito (Min [&hellip;]","og_url":"https:\/\/dfsolucionescr.com\/en\/credit-calculator\/","og_site_name":"DF Soluciones","article_modified_time":"2024-09-21T00:01:30+00:00","twitter_card":"summary_large_image","twitter_misc":{"Est. reading time":"1 minute"},"schema":{"@context":"https:\/\/schema.org","@graph":[{"@type":"WebPage","@id":"https:\/\/dfsolucionescr.com\/calculadora-de-credito\/","url":"https:\/\/dfsolucionescr.com\/calculadora-de-credito\/","name":"Credit calculator - DF Solutions","isPartOf":{"@id":"https:\/\/dfsolucionescr.com\/#website"},"datePublished":"2024-09-21T00:01:29+00:00","dateModified":"2024-09-21T00:01:30+00:00","breadcrumb":{"@id":"https:\/\/dfsolucionescr.com\/calculadora-de-credito\/#breadcrumb"},"inLanguage":"en-US","potentialAction":[{"@type":"ReadAction","target":["https:\/\/dfsolucionescr.com\/calculadora-de-credito\/"]}]},{"@type":"BreadcrumbList","@id":"https:\/\/dfsolucionescr.com\/calculadora-de-credito\/#breadcrumb","itemListElement":[{"@type":"ListItem","position":1,"name":"Portada","item":"https:\/\/dfsolucionescr.com\/"},{"@type":"ListItem","position":2,"name":"Calculadora de cr\u00e9dito"}]},{"@type":"WebSite","@id":"https:\/\/dfsolucionescr.com\/#website","url":"https:\/\/dfsolucionescr.com\/","name":"DF Solutions","description":"Real Estate Solutions","potentialAction":[{"@type":"SearchAction","target":{"@type":"EntryPoint","urlTemplate":"https:\/\/dfsolucionescr.com\/?s={search_term_string}"},"query-input":{"@type":"PropertyValueSpecification","valueRequired":true,"valueName":"search_term_string"}}],"inLanguage":"en-US"}]}},"_links":{"self":[{"href":"https:\/\/dfsolucionescr.com\/en\/wp-json\/wp\/v2\/pages\/6036","targetHints":{"allow":["GET"]}}],"collection":[{"href":"https:\/\/dfsolucionescr.com\/en\/wp-json\/wp\/v2\/pages"}],"about":[{"href":"https:\/\/dfsolucionescr.com\/en\/wp-json\/wp\/v2\/types\/page"}],"author":[{"embeddable":true,"href":"https:\/\/dfsolucionescr.com\/en\/wp-json\/wp\/v2\/users\/34"}],"replies":[{"embeddable":true,"href":"https:\/\/dfsolucionescr.com\/en\/wp-json\/wp\/v2\/comments?post=6036"}],"version-history":[{"count":1,"href":"https:\/\/dfsolucionescr.com\/en\/wp-json\/wp\/v2\/pages\/6036\/revisions"}],"predecessor-version":[{"id":6037,"href":"https:\/\/dfsolucionescr.com\/en\/wp-json\/wp\/v2\/pages\/6036\/revisions\/6037"}],"wp:attachment":[{"href":"https:\/\/dfsolucionescr.com\/en\/wp-json\/wp\/v2\/media?parent=6036"}],"curies":[{"name":"wp","href":"https:\/\/api.w.org\/{rel}","templated":true}]}}