{"id":5424,"date":"2024-07-31T21:50:23","date_gmt":"2024-07-31T21:50:23","guid":{"rendered":"https:\/\/dfsoluciones.dokascr.agency\/?page_id=5424"},"modified":"2024-07-31T22:00:52","modified_gmt":"2024-07-31T22:00:52","slug":"calculator","status":"publish","type":"page","link":"https:\/\/dfsolucionescr.com\/en\/calculadora\/","title":{"rendered":"Calculator"},"content":{"rendered":"<style>.elementor-5424 .elementor-element.elementor-element-05ecfec{--display:flex;}.elementor-5424 .elementor-element.elementor-element-37972bf{--spacer-size:19px;}.elementor-5424 .elementor-element.elementor-element-d4df139{--spacer-size:596px;}<\/style>\t\t<div data-elementor-type=\"wp-page\" data-elementor-id=\"5424\" class=\"elementor elementor-5424\">\n\t\t\t\t<div class=\"elementor-element elementor-element-05ecfec e-flex e-con-boxed e-con e-parent\" data-id=\"05ecfec\" data-element_type=\"container\" data-e-type=\"container\">\n\t\t\t\t\t<div class=\"e-con-inner\">\n\t\t\t\t<div class=\"elementor-element elementor-element-37972bf elementor-widget elementor-widget-spacer\" data-id=\"37972bf\" data-element_type=\"widget\" data-e-type=\"widget\" data-widget_type=\"spacer.default\">\n\t\t\t\t<div class=\"elementor-widget-container\">\n\t\t\t\t\t\t\t<div class=\"elementor-spacer\">\n\t\t\t<div class=\"elementor-spacer-inner\"><\/div>\n\t\t<\/div>\n\t\t\t\t\t\t<\/div>\n\t\t\t\t<\/div>\n\t\t\t\t<div class=\"elementor-element elementor-element-d4df139 elementor-widget elementor-widget-spacer\" data-id=\"d4df139\" data-element_type=\"widget\" data-e-type=\"widget\" data-widget_type=\"spacer.default\">\n\t\t\t\t<div class=\"elementor-widget-container\">\n\t\t\t\t\t\t\t<div class=\"elementor-spacer\">\n\t\t\t<div class=\"elementor-spacer-inner\"><\/div>\n\t\t<\/div>\n\t\t\t\t\t\t<\/div>\n\t\t\t\t<\/div>\n\t\t\t\t<div class=\"elementor-element elementor-element-860d83e elementor-widget elementor-widget-html\" data-id=\"860d83e\" data-element_type=\"widget\" data-e-type=\"widget\" data-widget_type=\"html.default\">\n\t\t\t\t<div class=\"elementor-widget-container\">\n\t\t\t\t\t<!DOCTYPE html>\r\n<html lang=\"es\">\r\n<head>\r\n    <meta charset=\"UTF-8\">\r\n    <meta name=\"viewport\" content=\"width=device-width, initial-scale=1.0\">\r\n    <title>Calculadora de cr\u00e9dito<\/title>\r\n    <!-- <link rel=\"stylesheet\" href=\"https:\/\/cdn.jsdelivr.net\/npm\/sweetalert2@11\/dist\/sweetalert2.min.css\"> -->\r\n    <style>\r\n        body {\r\n            font-family: Arial, sans-serif;\r\n            display: flex;\r\n            justify-content: center;\r\n            align-items: center;\r\n            height: 100vh;\r\n            margin: 0;\r\n            background-color: #f4f4f4;\r\n            padding: 20px;\r\n            box-sizing: border-box;\r\n        }\r\n        .container {\r\n            background-color: white;\r\n            padding: 20px 40px;\r\n            box-shadow: 0 0 10px rgba(0, 0, 0, 0.1);\r\n            border-radius: 8px;\r\n            text-align: center;\r\n            max-width: 500px;\r\n            width: 100%;\r\n        }\r\n        form {\r\n            display: flex;\r\n            flex-direction: column;\r\n        }\r\n        label {\r\n            margin-bottom: 5px;\r\n            text-align: left;\r\n        }\r\n        select, input {\r\n            margin-bottom: 15px;\r\n            padding: 10px;\r\n            font-size: 16px;\r\n            border: 1px solid #ccc;\r\n            border-radius: 4px;\r\n            width: 100%;\r\n            box-sizing: border-box;\r\n        }\r\n        button {\r\n            padding: 10px;\r\n            font-size: 16px;\r\n            background-color: #ff0000;\r\n            color: white;\r\n            border: none;\r\n            border-radius: 4px;\r\n            cursor: pointer;\r\n            font-weight: bold;\r\n        }\r\n        .disclaimer {\r\n            margin-top: 20px;\r\n            font-size: 10px;\r\n            text-align: left;\r\n        }\r\n    <\/style>\r\n<\/head>\r\n<body>\r\n    <div class=\"container\">\r\n        <form id=\"creditCalculator\">\r\n            <label for=\"currency\">Moneda<\/label>\r\n            <select id=\"currency\" name=\"currency\">\r\n                <option value=\"CRC\">Colones (\u20a1)<\/option>\r\n                <option value=\"USD\">D\u00f3lares ($)<\/option>\r\n            <\/select>\r\n\r\n            <label for=\"totalAmount\">Total de cr\u00e9dito<\/label>\r\n            <input type=\"number\" id=\"totalAmount\" name=\"totalAmount\" required>\r\n\r\n            <label for=\"initialPayment\">Cuota mensual<\/label>\r\n            <input type=\"number\" id=\"initialPayment\" name=\"initialPayment\" required>\r\n\r\n            <label for=\"interestRate\">Tasa de inter\u00e9s (%)<\/label>\r\n            <input type=\"number\" id=\"interestRate\" name=\"interestRate\" min=\"0\" max=\"100\" step=\"0.1\" required>\r\n\r\n            <label for=\"amortizationPeriod\">Plazo de cr\u00e9dito (Min 10 a\u00f1os - Max 30 a\u00f1os)<\/label>\r\n            <select id=\"amortizationPeriod\" name=\"amortizationPeriod\" required>\r\n                <!-- Opciones de 10 a 30 a\u00f1os -->\r\n                <option value=\"10\">10 a\u00f1os<\/option>\r\n                <option value=\"11\">11 a\u00f1os<\/option>\r\n                <option value=\"12\">12 a\u00f1os<\/option>\r\n                <option value=\"13\">13 a\u00f1os<\/option>\r\n                <option value=\"14\">14 a\u00f1os<\/option>\r\n                <option value=\"15\">15 a\u00f1os<\/option>\r\n                <option value=\"16\">16 a\u00f1os<\/option>\r\n                <option value=\"17\">17 a\u00f1os<\/option>\r\n                <option value=\"18\">18 a\u00f1os<\/option>\r\n                <option value=\"19\">19 a\u00f1os<\/option>\r\n                <option value=\"20\">20 a\u00f1os<\/option>\r\n                <option value=\"21\">21 a\u00f1os<\/option>\r\n                <option value=\"22\">22 a\u00f1os<\/option>\r\n                <option value=\"23\">23 a\u00f1os<\/option>\r\n                <option value=\"24\">24 a\u00f1os<\/option>\r\n                <option value=\"25\">25 a\u00f1os<\/option>\r\n                <option value=\"26\">26 a\u00f1os<\/option>\r\n                <option value=\"27\">27 a\u00f1os<\/option>\r\n                <option value=\"28\">28 a\u00f1os<\/option>\r\n                <option value=\"29\">29 a\u00f1os<\/option>\r\n                <option value=\"30\">30 a\u00f1os<\/option>\r\n            <\/select>\r\n\r\n            <button type=\"submit\">Calcular<\/button>\r\n        <\/form>\r\n\r\n        <div class=\"disclaimer\">\r\n            <p>La cuota no considera el monto de p\u00f3lizas.<\/p>\r\n            <p>Los gastos de formalizaci\u00f3n pueden variar seg\u00fan la respectiva entidad financiera.<\/p>\r\n            <p><strong>Importante:<\/strong> DF Soluciones Inmobiliarias agradece su preferencia y le informa que este servicio es \u00fanicamente como referencia para ayudarle en su decisi\u00f3n, sin embargo, debe considerar que las condiciones pueden variar ya que el precio final est\u00e1 determinado por otras condiciones como garant\u00eda, tasa de inter\u00e9s, comisiones, seguros y caracter\u00edsticas propias de cada cliente.<\/p>\r\n        <\/div>\r\n    <\/div>\r\n\r\n    <!-- Incluye las librer\u00edas necesarias -->\r\n    <script src=\"https:\/\/cdn.jsdelivr.net\/npm\/chart.js\"><\/script>\r\n    <script src=\"https:\/\/cdn.jsdelivr.net\/npm\/sweetalert2@11\"><\/script>\r\n    <script>\r\n        document.getElementById('creditCalculator').addEventListener('submit', function(event) {\r\n            event.preventDefault();\r\n            \r\n            \/\/ Obtener valores del formulario\r\n            const totalAmount = parseFloat(document.getElementById('totalAmount').value);\r\n            const initialPayment = parseFloat(document.getElementById('initialPayment').value);\r\n            const interestRate = parseFloat(document.getElementById('interestRate').value) \/ 100;\r\n            const amortizationPeriod = parseInt(document.getElementById('amortizationPeriod').value);\r\n            \r\n            \/\/ Convertir a\u00f1os a meses\r\n            const months = amortizationPeriod * 12;\r\n            \r\n            \/\/ Calcular la tasa de inter\u00e9s mensual\r\n            const monthlyInterestRate = interestRate \/ 12;\r\n            \r\n            \/\/ F\u00f3rmula para calcular el monto mensual\r\n            const monthlyPayment = (totalAmount * monthlyInterestRate) \/ (1 - Math.pow(1 + monthlyInterestRate, -months));\r\n            \r\n            \/\/ Preparar datos para el gr\u00e1fico\r\n            const labels = Array.from({ length: months }, (_, i) => `Mes ${i + 1}`);\r\n            const data = Array(months).fill(monthlyPayment);\r\n\r\n            \/\/ Crear gr\u00e1fico con SweetAlert2\r\n            Swal.fire({\r\n                title: 'Resumen de Pagos',\r\n                html: '<canvas id=\"paymentChart\"><\/canvas>',\r\n                didOpen: () => {\r\n                    const ctx = document.getElementById('paymentChart').getContext('2d');\r\n                    new Chart(ctx, {\r\n                        type: 'bar',\r\n                        data: {\r\n                            labels: labels,\r\n                            datasets: [{\r\n                                label: 'Cuota mensual',\r\n                                data: data,\r\n                                backgroundColor: 'rgba(255, 99, 132, 0.2)',\r\n                                borderColor: 'rgba(255, 99, 132, 1)',\r\n                                borderWidth: 1\r\n                            }]\r\n                        },\r\n                        options: {\r\n                            scales: {\r\n                                x: {\r\n                                    beginAtZero: true\r\n                                },\r\n                                y: {\r\n                                    beginAtZero: true\r\n                                }\r\n                            }\r\n                        }\r\n                    });\r\n                },\r\n                confirmButtonText: 'Cerrar'\r\n            });\r\n        });\r\n    <\/script>\r\n<\/body>\r\n<\/html>\r\n\t\t\t\t<\/div>\n\t\t\t\t<\/div>\n\t\t\t\t\t<\/div>\n\t\t\t\t<\/div>\n\t\t\t\t<\/div>\n\t\t","protected":false},"excerpt":{"rendered":"<p>Calculadora de cr\u00e9dito Moneda Colones (\u20a1)D\u00f3lares ($) Total de cr\u00e9dito Cuota mensual Tasa de inter\u00e9s (%) Plazo de cr\u00e9dito (Min [&hellip;]<\/p>\n","protected":false},"author":34,"featured_media":0,"parent":0,"menu_order":0,"comment_status":"closed","ping_status":"closed","template":"elementor_canvas","meta":{"content-type":"","site-sidebar-layout":"no-sidebar","site-content-layout":"","ast-site-content-layout":"full-width-container","site-content-style":"default","site-sidebar-style":"default","ast-global-header-display":"","ast-banner-title-visibility":"","ast-main-header-display":"","ast-hfb-above-header-display":"","ast-hfb-below-header-display":"","ast-hfb-mobile-header-display":"","site-post-title":"disabled","ast-breadcrumbs-content":"","ast-featured-img":"disabled","footer-sml-layout":"","ast-disable-related-posts":"","theme-transparent-header-meta":"","adv-header-id-meta":"","stick-header-meta":"","header-above-stick-meta":"","header-main-stick-meta":"","header-below-stick-meta":"","astra-migrate-meta-layouts":"default","ast-page-background-enabled":"default","ast-page-background-meta":{"desktop":{"background-color":"var(--ast-global-color-4)","background-image":"","background-repeat":"repeat","background-position":"center center","background-size":"auto","background-attachment":"scroll","background-type":"","background-media":"","overlay-type":"","overlay-color":"","overlay-opacity":"","overlay-gradient":""},"tablet":{"background-color":"","background-image":"","background-repeat":"repeat","background-position":"center center","background-size":"auto","background-attachment":"scroll","background-type":"","background-media":"","overlay-type":"","overlay-color":"","overlay-opacity":"","overlay-gradient":""},"mobile":{"background-color":"","background-image":"","background-repeat":"repeat","background-position":"center center","background-size":"auto","background-attachment":"scroll","background-type":"","background-media":"","overlay-type":"","overlay-color":"","overlay-opacity":"","overlay-gradient":""}},"ast-content-background-meta":{"desktop":{"background-color":"var(--ast-global-color-5)","background-image":"","background-repeat":"repeat","background-position":"center center","background-size":"auto","background-attachment":"scroll","background-type":"","background-media":"","overlay-type":"","overlay-color":"","overlay-opacity":"","overlay-gradient":""},"tablet":{"background-color":"var(--ast-global-color-5)","background-image":"","background-repeat":"repeat","background-position":"center center","background-size":"auto","background-attachment":"scroll","background-type":"","background-media":"","overlay-type":"","overlay-color":"","overlay-opacity":"","overlay-gradient":""},"mobile":{"background-color":"var(--ast-global-color-5)","background-image":"","background-repeat":"repeat","background-position":"center center","background-size":"auto","background-attachment":"scroll","background-type":"","background-media":"","overlay-type":"","overlay-color":"","overlay-opacity":"","overlay-gradient":""}},"footnotes":""},"class_list":["post-5424","page","type-page","status-publish","hentry"],"yoast_head":"<!-- This site is optimized with the Yoast SEO plugin v27.3 - https:\/\/yoast.com\/product\/yoast-seo-wordpress\/ -->\n<title>Calculadora - DF Soluciones<\/title>\n<meta name=\"robots\" content=\"index, follow, max-snippet:-1, max-image-preview:large, max-video-preview:-1\" \/>\n<link rel=\"canonical\" href=\"https:\/\/dfsolucionescr.com\/en\/calculator\/\" \/>\n<meta property=\"og:locale\" content=\"en_US\" \/>\n<meta property=\"og:type\" content=\"article\" \/>\n<meta property=\"og:title\" content=\"Calculadora - DF Soluciones\" \/>\n<meta property=\"og:description\" content=\"Calculadora de cr\u00e9dito Moneda Colones (\u20a1)D\u00f3lares ($) Total de cr\u00e9dito Cuota mensual Tasa de inter\u00e9s (%) Plazo de cr\u00e9dito (Min [&hellip;]\" \/>\n<meta property=\"og:url\" content=\"https:\/\/dfsolucionescr.com\/en\/calculator\/\" \/>\n<meta property=\"og:site_name\" content=\"DF Soluciones\" \/>\n<meta property=\"article:modified_time\" content=\"2024-07-31T22:00:52+00:00\" \/>\n<meta name=\"twitter:card\" content=\"summary_large_image\" \/>\n<meta name=\"twitter:label1\" content=\"Est. reading time\" \/>\n\t<meta name=\"twitter:data1\" content=\"1 minute\" \/>\n<script type=\"application\/ld+json\" class=\"yoast-schema-graph\">{\"@context\":\"https:\\\/\\\/schema.org\",\"@graph\":[{\"@type\":\"WebPage\",\"@id\":\"https:\\\/\\\/dfsolucionescr.com\\\/calculadora\\\/\",\"url\":\"https:\\\/\\\/dfsolucionescr.com\\\/calculadora\\\/\",\"name\":\"Calculadora - DF Soluciones\",\"isPartOf\":{\"@id\":\"https:\\\/\\\/dfsolucionescr.com\\\/#website\"},\"datePublished\":\"2024-07-31T21:50:23+00:00\",\"dateModified\":\"2024-07-31T22:00:52+00:00\",\"breadcrumb\":{\"@id\":\"https:\\\/\\\/dfsolucionescr.com\\\/calculadora\\\/#breadcrumb\"},\"inLanguage\":\"en-US\",\"potentialAction\":[{\"@type\":\"ReadAction\",\"target\":[\"https:\\\/\\\/dfsolucionescr.com\\\/calculadora\\\/\"]}]},{\"@type\":\"BreadcrumbList\",\"@id\":\"https:\\\/\\\/dfsolucionescr.com\\\/calculadora\\\/#breadcrumb\",\"itemListElement\":[{\"@type\":\"ListItem\",\"position\":1,\"name\":\"Portada\",\"item\":\"https:\\\/\\\/dfsolucionescr.com\\\/\"},{\"@type\":\"ListItem\",\"position\":2,\"name\":\"Calculadora\"}]},{\"@type\":\"WebSite\",\"@id\":\"https:\\\/\\\/dfsolucionescr.com\\\/#website\",\"url\":\"https:\\\/\\\/dfsolucionescr.com\\\/\",\"name\":\"DF Soluciones\",\"description\":\"Soluciones Inmobiliarias\",\"potentialAction\":[{\"@type\":\"SearchAction\",\"target\":{\"@type\":\"EntryPoint\",\"urlTemplate\":\"https:\\\/\\\/dfsolucionescr.com\\\/?s={search_term_string}\"},\"query-input\":{\"@type\":\"PropertyValueSpecification\",\"valueRequired\":true,\"valueName\":\"search_term_string\"}}],\"inLanguage\":\"en-US\"}]}<\/script>\n<!-- \/ Yoast SEO plugin. -->","yoast_head_json":{"title":"Calculator - DF Solutions","robots":{"index":"index","follow":"follow","max-snippet":"max-snippet:-1","max-image-preview":"max-image-preview:large","max-video-preview":"max-video-preview:-1"},"canonical":"https:\/\/dfsolucionescr.com\/en\/calculator\/","og_locale":"en_US","og_type":"article","og_title":"Calculadora - DF Soluciones","og_description":"Calculadora de cr\u00e9dito Moneda Colones (\u20a1)D\u00f3lares ($) Total de cr\u00e9dito Cuota mensual Tasa de inter\u00e9s (%) Plazo de cr\u00e9dito (Min [&hellip;]","og_url":"https:\/\/dfsolucionescr.com\/en\/calculator\/","og_site_name":"DF Soluciones","article_modified_time":"2024-07-31T22:00:52+00:00","twitter_card":"summary_large_image","twitter_misc":{"Est. reading time":"1 minute"},"schema":{"@context":"https:\/\/schema.org","@graph":[{"@type":"WebPage","@id":"https:\/\/dfsolucionescr.com\/calculadora\/","url":"https:\/\/dfsolucionescr.com\/calculadora\/","name":"Calculator - DF Solutions","isPartOf":{"@id":"https:\/\/dfsolucionescr.com\/#website"},"datePublished":"2024-07-31T21:50:23+00:00","dateModified":"2024-07-31T22:00:52+00:00","breadcrumb":{"@id":"https:\/\/dfsolucionescr.com\/calculadora\/#breadcrumb"},"inLanguage":"en-US","potentialAction":[{"@type":"ReadAction","target":["https:\/\/dfsolucionescr.com\/calculadora\/"]}]},{"@type":"BreadcrumbList","@id":"https:\/\/dfsolucionescr.com\/calculadora\/#breadcrumb","itemListElement":[{"@type":"ListItem","position":1,"name":"Portada","item":"https:\/\/dfsolucionescr.com\/"},{"@type":"ListItem","position":2,"name":"Calculadora"}]},{"@type":"WebSite","@id":"https:\/\/dfsolucionescr.com\/#website","url":"https:\/\/dfsolucionescr.com\/","name":"DF Solutions","description":"Real Estate Solutions","potentialAction":[{"@type":"SearchAction","target":{"@type":"EntryPoint","urlTemplate":"https:\/\/dfsolucionescr.com\/?s={search_term_string}"},"query-input":{"@type":"PropertyValueSpecification","valueRequired":true,"valueName":"search_term_string"}}],"inLanguage":"en-US"}]}},"_links":{"self":[{"href":"https:\/\/dfsolucionescr.com\/en\/wp-json\/wp\/v2\/pages\/5424","targetHints":{"allow":["GET"]}}],"collection":[{"href":"https:\/\/dfsolucionescr.com\/en\/wp-json\/wp\/v2\/pages"}],"about":[{"href":"https:\/\/dfsolucionescr.com\/en\/wp-json\/wp\/v2\/types\/page"}],"author":[{"embeddable":true,"href":"https:\/\/dfsolucionescr.com\/en\/wp-json\/wp\/v2\/users\/34"}],"replies":[{"embeddable":true,"href":"https:\/\/dfsolucionescr.com\/en\/wp-json\/wp\/v2\/comments?post=5424"}],"version-history":[{"count":7,"href":"https:\/\/dfsolucionescr.com\/en\/wp-json\/wp\/v2\/pages\/5424\/revisions"}],"predecessor-version":[{"id":5432,"href":"https:\/\/dfsolucionescr.com\/en\/wp-json\/wp\/v2\/pages\/5424\/revisions\/5432"}],"wp:attachment":[{"href":"https:\/\/dfsolucionescr.com\/en\/wp-json\/wp\/v2\/media?parent=5424"}],"curies":[{"name":"wp","href":"https:\/\/api.w.org\/{rel}","templated":true}]}}